{"id":72,"date":"2025-12-26T15:14:42","date_gmt":"2025-12-26T15:14:42","guid":{"rendered":"https:\/\/bame.innovity.lu\/?page_id=72"},"modified":"2025-12-26T18:53:56","modified_gmt":"2025-12-26T18:53:56","slug":"devenez-musicien","status":"publish","type":"page","link":"https:\/\/bame.innovity.lu\/?page_id=72","title":{"rendered":"Devenez musicien"},"content":{"rendered":"<p>[et_pb_section fb_built=\u00a0\u00bb1&Prime; _builder_version=\u00a0\u00bb4.27.5&Prime; _module_preset=\u00a0\u00bbdefault\u00a0\u00bb background_image=\u00a0\u00bbhttps:\/\/bame.innovity.lu\/wp-content\/uploads\/2025\/12\/header_BAME.png\u00a0\u00bb min_height=\u00a0\u00bb267.8px\u00a0\u00bb custom_padding=\u00a0\u00bb||0px|||\u00a0\u00bb global_colors_info=\u00a0\u00bb{}\u00a0\u00bb][et_pb_row _builder_version=\u00a0\u00bb4.27.3&Prime; _module_preset=\u00a0\u00bbdefault\u00a0\u00bb global_colors_info=\u00a0\u00bb{}\u00a0\u00bb][et_pb_column type=\u00a0\u00bb4_4&Prime; _builder_version=\u00a0\u00bb4.27.3&Prime; _module_preset=\u00a0\u00bbdefault\u00a0\u00bb global_colors_info=\u00a0\u00bb{}\u00a0\u00bb][et_pb_text _builder_version=\u00a0\u00bb4.27.5&Prime; _module_preset=\u00a0\u00bbdefault\u00a0\u00bb global_colors_info=\u00a0\u00bb{}\u00a0\u00bb]<\/p>\n<p style=\"text-align: center; color: #ffffff; font-size: clamp(3rem, 10vw, 8rem); line-height: 1; margin: 0; font-family: 'Great Vibes', cursive;\">Dvenez musicien<\/p>\n<p>[\/et_pb_text][\/et_pb_column][\/et_pb_row][\/et_pb_section][et_pb_section fb_built=\u00a0\u00bb1&Prime; _builder_version=\u00a0\u00bb4.27.5&Prime; _module_preset=\u00a0\u00bbdefault\u00a0\u00bb custom_padding=\u00a0\u00bb||2px|||\u00a0\u00bb global_colors_info=\u00a0\u00bb{}\u00a0\u00bb][et_pb_row _builder_version=\u00a0\u00bb4.27.5&Prime; _module_preset=\u00a0\u00bbdefault\u00a0\u00bb custom_margin=\u00a0\u00bb-47px|auto||auto||\u00a0\u00bb global_colors_info=\u00a0\u00bb{}\u00a0\u00bb][et_pb_column type=\u00a0\u00bb4_4&Prime; _builder_version=\u00a0\u00bb4.27.5&Prime; _module_preset=\u00a0\u00bbdefault\u00a0\u00bb global_colors_info=\u00a0\u00bb{}\u00a0\u00bb][et_pb_text _builder_version=\u00a0\u00bb4.27.5&Prime; _module_preset=\u00a0\u00bbdefault\u00a0\u00bb global_colors_info=\u00a0\u00bb{}\u00a0\u00bb]<\/p>\n<p>Rejoignez l\u2019Harmonie des Mineurs, un symbole vivant de la richesse culturelle et historique d\u2019Esch-sur-Alzette. Saisissez l\u2019occasion de faire partie d\u2019une tradition musicale centenaire, tout en apportant une touche moderne et innovante \u00e0 notre ensemble. Ensemble, c\u00e9l\u00e9brons la musique, l\u2019amiti\u00e9 et l\u2019importance de la culture dans notre communaut\u00e9.<\/p>\n<p>Contact: ascaniluigi@gmail.com<\/p>\n<p>R\u00e9p\u00e9tition tous les lundis et jeudis de 20h \u00e0 21h30 dans la cave de l\u2019Ecole Dellheicht, 1 Rue Dellheicht, L-4240 Esch\/Alzette<\/p>\n<p>[\/et_pb_text][\/et_pb_column][\/et_pb_row][et_pb_row _builder_version=\u00a0\u00bb4.27.5&Prime; _module_preset=\u00a0\u00bbdefault\u00a0\u00bb global_colors_info=\u00a0\u00bb{}\u00a0\u00bb][et_pb_column type=\u00a0\u00bb4_4&Prime; _builder_version=\u00a0\u00bb4.27.5&Prime; _module_preset=\u00a0\u00bbdefault\u00a0\u00bb global_colors_info=\u00a0\u00bb{}\u00a0\u00bb][et_pb_code _builder_version=\u00a0\u00bb4.27.5&Prime; _module_preset=\u00a0\u00bbdefault\u00a0\u00bb text_orientation=\u00a0\u00bbcenter\u00a0\u00bb hover_enabled=\u00a0\u00bb0&Prime; global_colors_info=\u00a0\u00bb{}\u00a0\u00bb sticky_enabled=\u00a0\u00bb0&Prime;]<iframe src=\"https:\/\/www.google.com\/maps\/embed?pb=!1m18!1m12!1m3!1d2591.166230854398!2d5.9798033758598335!3d49.50025477142639!2m3!1f0!2f0!3f0!3m2!1i1024!2i768!4f13.1!3m3!1m2!1s0x4795351c111dbcc5%3A0xa8ecc7ce7439a2c!2sHARMONIE%20DES%20MINEURS%20Esch-sur-Alzette!5e0!3m2!1sde!2sfr!4v1766761831400!5m2!1sde!2sfr\" width=\"800\" height=\"200\" style=\"border:0;\" allowfullscreen=\"\" loading=\"lazy\" referrerpolicy=\"no-referrer-when-downgrade\"><\/iframe>[\/et_pb_code][\/et_pb_column][\/et_pb_row][\/et_pb_section]<\/p>\n","protected":false},"excerpt":{"rendered":"<p>Dvenez musicienRejoignez l\u2019Harmonie des Mineurs, un symbole vivant de la richesse culturelle et historique d\u2019Esch-sur-Alzette. Saisissez l\u2019occasion de faire partie d\u2019une tradition musicale centenaire, tout en apportant une touche moderne et innovante \u00e0 notre ensemble. Ensemble, c\u00e9l\u00e9brons la musique, l\u2019amiti\u00e9 et l\u2019importance de la culture dans notre communaut\u00e9. Contact: ascaniluigi@gmail.com R\u00e9p\u00e9tition tous les lundis et [&hellip;]<\/p>\n","protected":false},"author":1,"featured_media":0,"parent":0,"menu_order":0,"comment_status":"closed","ping_status":"closed","template":"","meta":{"_et_pb_use_builder":"on","_et_pb_old_content":"","_et_gb_content_width":"","footnotes":""},"class_list":["post-72","page","type-page","status-publish","hentry"],"_links":{"self":[{"href":"https:\/\/bame.innovity.lu\/index.php?rest_route=\/wp\/v2\/pages\/72","targetHints":{"allow":["GET"]}}],"collection":[{"href":"https:\/\/bame.innovity.lu\/index.php?rest_route=\/wp\/v2\/pages"}],"about":[{"href":"https:\/\/bame.innovity.lu\/index.php?rest_route=\/wp\/v2\/types\/page"}],"author":[{"embeddable":true,"href":"https:\/\/bame.innovity.lu\/index.php?rest_route=\/wp\/v2\/users\/1"}],"replies":[{"embeddable":true,"href":"https:\/\/bame.innovity.lu\/index.php?rest_route=%2Fwp%2Fv2%2Fcomments&post=72"}],"version-history":[{"count":4,"href":"https:\/\/bame.innovity.lu\/index.php?rest_route=\/wp\/v2\/pages\/72\/revisions"}],"predecessor-version":[{"id":232,"href":"https:\/\/bame.innovity.lu\/index.php?rest_route=\/wp\/v2\/pages\/72\/revisions\/232"}],"wp:attachment":[{"href":"https:\/\/bame.innovity.lu\/index.php?rest_route=%2Fwp%2Fv2%2Fmedia&parent=72"}],"curies":[{"name":"wp","href":"https:\/\/api.w.org\/{rel}","templated":true}]}}