{"id":35,"date":"2025-12-26T13:55:56","date_gmt":"2025-12-26T13:55:56","guid":{"rendered":"https:\/\/bame.innovity.lu\/?page_id=35"},"modified":"2025-12-26T14:08:01","modified_gmt":"2025-12-26T14:08:01","slug":"mot-de-la-presidente","status":"publish","type":"page","link":"https:\/\/bame.innovity.lu\/?page_id=35","title":{"rendered":"Mot de la pr\u00e9sidente"},"content":{"rendered":"<p>[et_pb_section fb_built=\u00a0\u00bb1&Prime; _builder_version=\u00a0\u00bb4.27.5&Prime; _module_preset=\u00a0\u00bbdefault\u00a0\u00bb background_image=\u00a0\u00bbhttps:\/\/bame.innovity.lu\/wp-content\/uploads\/2025\/12\/header_BAME.png\u00a0\u00bb min_height=\u00a0\u00bb267.8px\u00a0\u00bb global_colors_info=\u00a0\u00bb{}\u00a0\u00bb theme_builder_area=\u00a0\u00bbpost_content\u00a0\u00bb custom_padding=\u00a0\u00bb||0px|||\u00a0\u00bb][et_pb_row _builder_version=\u00a0\u00bb4.27.3&Prime; _module_preset=\u00a0\u00bbdefault\u00a0\u00bb global_colors_info=\u00a0\u00bb{}\u00a0\u00bb theme_builder_area=\u00a0\u00bbpost_content\u00a0\u00bb][et_pb_column type=\u00a0\u00bb4_4&Prime; _builder_version=\u00a0\u00bb4.27.3&Prime; _module_preset=\u00a0\u00bbdefault\u00a0\u00bb global_colors_info=\u00a0\u00bb{}\u00a0\u00bb theme_builder_area=\u00a0\u00bbpost_content\u00a0\u00bb][et_pb_text _builder_version=\u00a0\u00bb4.27.5&Prime; _module_preset=\u00a0\u00bbdefault\u00a0\u00bb hover_enabled=\u00a0\u00bb0&Prime; global_colors_info=\u00a0\u00bb{}\u00a0\u00bb theme_builder_area=\u00a0\u00bbpost_content\u00a0\u00bb sticky_enabled=\u00a0\u00bb0&Prime;]<\/p>\n<p style=\"text-align: center; color: #ffffff; font-size: clamp(3rem, 10vw, 8rem); line-height: 1; margin: 0; font-family: 'Great Vibes', cursive;\">Mot de la pr\u00e9sidente<\/p>\n<p>[\/et_pb_text][\/et_pb_column][\/et_pb_row][\/et_pb_section][et_pb_section fb_built=\u00a0\u00bb1&Prime; theme_builder_area=\u00a0\u00bbpost_content\u00a0\u00bb _builder_version=\u00a0\u00bb4.27.5&Prime; _module_preset=\u00a0\u00bbdefault\u00a0\u00bb][et_pb_row _builder_version=\u00a0\u00bb4.27.5&Prime; _module_preset=\u00a0\u00bbdefault\u00a0\u00bb theme_builder_area=\u00a0\u00bbpost_content\u00a0\u00bb custom_margin=\u00a0\u00bb-41px|auto||auto||\u00a0\u00bb][et_pb_column _builder_version=\u00a0\u00bb4.27.5&Prime; _module_preset=\u00a0\u00bbdefault\u00a0\u00bb type=\u00a0\u00bb4_4&Prime; theme_builder_area=\u00a0\u00bbpost_content\u00a0\u00bb][et_pb_text _builder_version=\u00a0\u00bb4.27.5&Prime; _module_preset=\u00a0\u00bbdefault\u00a0\u00bb theme_builder_area=\u00a0\u00bbpost_content\u00a0\u00bb hover_enabled=\u00a0\u00bb0&Prime; sticky_enabled=\u00a0\u00bb0&Prime;]<\/p>\n<p><span lang=\"FR\">Chers visiteurs et amis de la musique,<\/span><\/p>\n<p>Je vous souhaite la bienvenue sur le site internet de l\u2019Harmonie des Mineurs d\u2019Esch-sur-Alzette ! En tant que pr\u00e9sidente, je suis ravie de partager avec vous notre passion pour la musique et notre engagement envers le patrimoine historique et culturel de notre ville.<\/p>\n<p><span lang=\"FR\">Depuis mon plus jeune \u00e2ge, j\u2019ai \u00e9t\u00e9 immerg\u00e9e dans l\u2019univers de la musique et de la culture d\u2019Esch-sur-Alzette.<br \/>En tant que membre de longue date de l\u2019Harmonie, je suis fi\u00e8re d\u2019avoir contribu\u00e9 \u00e0 perp\u00e9tuer la tradition musicale de notre r\u00e9gion et de partager la richesse de notre patrimoine avec nos concitoyens et nos visiteurs l\u2019Harmonie des Mineurs d\u2019Esch-sur-Alzette est bien plus qu\u2019un simple orchestre.<\/span><\/p>\n<p><span lang=\"FR\">Elle incarne l\u2019\u00e2me de notre ville, son histoire et ses traditions. Notre mission est de pr\u00e9server et de valoriser le patrimoine historique et culturel qui nous est cher, tout en cr\u00e9ant des liens solides entre les g\u00e9n\u00e9rations et les cultures. En tant que fille n\u00e9e et ayant grandi \u00e0 Esch, je suis profond\u00e9ment attach\u00e9e \u00e0 cette ville et \u00e0 ses habitants. C\u2019est avec une immense fiert\u00e9 que je porte les couleurs de notre Harmonie et que je contribue \u00e0 enrichir la vie culturelle de notre communaut\u00e9. Ma vie a toujours \u00e9t\u00e9 marqu\u00e9e par la musique. J\u2019ai fr\u00e9quent\u00e9 le Conservatoire eschois et j\u2019ai \u00e9t\u00e9 membre de l\u2019Harmonie Municipale pendant 20 ans. Les \u201cEscher Majoretten\u201d et les cours de danse jazz de Sara Eden m\u2019ont \u00e9galement marqu\u00e9e sur le plan musical.<\/span><\/p>\n<p><span lang=\"FR\">Je tiens \u00e0 remercier sinc\u00e8rement ma pr\u00e9d\u00e9cesseure, Christiane Wagner, pour son d\u00e9vouement et son travail remarquable au sein de l\u2019Harmonie. C\u2019est avec gratitude et fiert\u00e9 que j\u2019ai pris la rel\u00e8ve pour continuer \u00e0 pr\u00e9server et promouvoir notre riche patrimoine musical et culturel.<\/span><\/p>\n<p><span lang=\"FR\">Je vous invite \u00e0 parcourir notre site internet pour d\u00e9couvrir notre histoire, nos \u00e9v\u00e9nements et nos projets futurs. N\u2019h\u00e9sitez pas \u00e0 nous rejoindre pour partager ensemble des moments musicaux inoubliables et participer activement \u00e0 la valorisation de notre patrimoine.<\/span><\/p>\n<p><span lang=\"FR\">Avec mes meilleures salutations musicales,<br \/><em>Diana Ascani<\/em><br \/><em>Pr\u00e9sidente de l\u2019Harmonie des Mineurs d\u2019Esch-sur-Alzette<\/em><\/span><\/p>\n<p>[\/et_pb_text][\/et_pb_column][\/et_pb_row][\/et_pb_section]<\/p>\n","protected":false},"excerpt":{"rendered":"<p>Mot de la pr\u00e9sidenteChers visiteurs et amis de la musique, Je vous souhaite la bienvenue sur le site internet de l\u2019Harmonie des Mineurs d\u2019Esch-sur-Alzette ! En tant que pr\u00e9sidente, je suis ravie de partager avec vous notre passion pour la musique et notre engagement envers le patrimoine historique et culturel de notre ville. Depuis mon [&hellip;]<\/p>\n","protected":false},"author":1,"featured_media":0,"parent":0,"menu_order":0,"comment_status":"closed","ping_status":"closed","template":"","meta":{"_et_pb_use_builder":"on","_et_pb_old_content":"","_et_gb_content_width":"","footnotes":""},"class_list":["post-35","page","type-page","status-publish","hentry"],"_links":{"self":[{"href":"https:\/\/bame.innovity.lu\/index.php?rest_route=\/wp\/v2\/pages\/35","targetHints":{"allow":["GET"]}}],"collection":[{"href":"https:\/\/bame.innovity.lu\/index.php?rest_route=\/wp\/v2\/pages"}],"about":[{"href":"https:\/\/bame.innovity.lu\/index.php?rest_route=\/wp\/v2\/types\/page"}],"author":[{"embeddable":true,"href":"https:\/\/bame.innovity.lu\/index.php?rest_route=\/wp\/v2\/users\/1"}],"replies":[{"embeddable":true,"href":"https:\/\/bame.innovity.lu\/index.php?rest_route=%2Fwp%2Fv2%2Fcomments&post=35"}],"version-history":[{"count":3,"href":"https:\/\/bame.innovity.lu\/index.php?rest_route=\/wp\/v2\/pages\/35\/revisions"}],"predecessor-version":[{"id":40,"href":"https:\/\/bame.innovity.lu\/index.php?rest_route=\/wp\/v2\/pages\/35\/revisions\/40"}],"wp:attachment":[{"href":"https:\/\/bame.innovity.lu\/index.php?rest_route=%2Fwp%2Fv2%2Fmedia&parent=35"}],"curies":[{"name":"wp","href":"https:\/\/api.w.org\/{rel}","templated":true}]}}