{"id":226,"date":"2025-12-26T18:52:46","date_gmt":"2025-12-26T18:52:46","guid":{"rendered":"https:\/\/bame.innovity.lu\/?page_id=226"},"modified":"2025-12-26T18:52:46","modified_gmt":"2025-12-26T18:52:46","slug":"contact","status":"publish","type":"page","link":"https:\/\/bame.innovity.lu\/?page_id=226","title":{"rendered":"Contact"},"content":{"rendered":"<p>[et_pb_section fb_built=\u00a0\u00bb1&Prime; theme_builder_area=\u00a0\u00bbpost_content\u00a0\u00bb _builder_version=\u00a0\u00bb4.27.5&Prime; _module_preset=\u00a0\u00bbdefault\u00a0\u00bb][et_pb_row _builder_version=\u00a0\u00bb4.27.5&Prime; _module_preset=\u00a0\u00bbdefault\u00a0\u00bb theme_builder_area=\u00a0\u00bbpost_content\u00a0\u00bb][et_pb_column _builder_version=\u00a0\u00bb4.27.5&Prime; _module_preset=\u00a0\u00bbdefault\u00a0\u00bb type=\u00a0\u00bb4_4&Prime; theme_builder_area=\u00a0\u00bbpost_content\u00a0\u00bb][et_pb_text _builder_version=\u00a0\u00bb4.27.5&Prime; _module_preset=\u00a0\u00bbdefault\u00a0\u00bb theme_builder_area=\u00a0\u00bbpost_content\u00a0\u00bb hover_enabled=\u00a0\u00bb0&Prime; sticky_enabled=\u00a0\u00bb0&Prime;]<\/p>\n<h2 class=\"wp-block-heading\">Contact<\/h2>\n<p>N\u2019h\u00e9sitez pas \u00e0 nous contacter pour toute question, requ\u00eate de presse ou demande de concert !<\/p>\n<p><strong>BIERGAARBECHTER MUSEK<\/strong><span>\u00a0<\/span>asbl.<br \/>Num\u00e9ro RCS : F11286<\/p>\n<p>Harmonie des Mineurs<br \/>B.P. 363<br \/>L-4004 ESCH-SUR-ALZETTE<\/p>\n<p>E-Mailadresse: info@bame.lu<\/p>\n<h2 class=\"wp-block-heading\">R\u00e9p\u00e9tition<\/h2>\n<p>R\u00e9p\u00e9tition tous les lundis de 20h \u00e0 21h30 dans la cave de l\u2019Ecole Dellheicht, 1 Rue Dellheicht, L-4240 Esch\/Alzette<\/p>\n<p>[\/et_pb_text][\/et_pb_column][\/et_pb_row][et_pb_row _builder_version=\u00a0\u00bb4.27.5&Prime; _module_preset=\u00a0\u00bbdefault\u00a0\u00bb theme_builder_area=\u00a0\u00bbpost_content\u00a0\u00bb][et_pb_column _builder_version=\u00a0\u00bb4.27.5&Prime; _module_preset=\u00a0\u00bbdefault\u00a0\u00bb type=\u00a0\u00bb4_4&Prime; theme_builder_area=\u00a0\u00bbpost_content\u00a0\u00bb][et_pb_code _builder_version=\u00a0\u00bb4.27.5&Prime; _module_preset=\u00a0\u00bbdefault\u00a0\u00bb theme_builder_area=\u00a0\u00bbpost_content\u00a0\u00bb hover_enabled=\u00a0\u00bb0&Prime; sticky_enabled=\u00a0\u00bb0&Prime; text_orientation=\u00a0\u00bbcenter\u00a0\u00bb]<iframe src=\"https:\/\/www.google.com\/maps\/embed?pb=!1m18!1m12!1m3!1d2591.166230854398!2d5.9798033758598335!3d49.50025477142639!2m3!1f0!2f0!3f0!3m2!1i1024!2i768!4f13.1!3m3!1m2!1s0x4795351c111dbcc5%3A0xa8ecc7ce7439a2c!2sHARMONIE%20DES%20MINEURS%20Esch-sur-Alzette!5e0!3m2!1sde!2sfr!4v1766761831400!5m2!1sde!2sfr\" width=\"800\" height=\"200\" style=\"border:0;\" allowfullscreen=\"\" loading=\"lazy\" referrerpolicy=\"no-referrer-when-downgrade\"><\/iframe>[\/et_pb_code][\/et_pb_column][\/et_pb_row][et_pb_row _builder_version=\u00a0\u00bb4.27.5&Prime; _module_preset=\u00a0\u00bbdefault\u00a0\u00bb theme_builder_area=\u00a0\u00bbpost_content\u00a0\u00bb][et_pb_column _builder_version=\u00a0\u00bb4.27.5&Prime; _module_preset=\u00a0\u00bbdefault\u00a0\u00bb type=\u00a0\u00bb4_4&Prime; theme_builder_area=\u00a0\u00bbpost_content\u00a0\u00bb][et_pb_code _builder_version=\u00a0\u00bb4.27.5&Prime; _module_preset=\u00a0\u00bbdefault\u00a0\u00bb theme_builder_area=\u00a0\u00bbpost_content\u00a0\u00bb hover_enabled=\u00a0\u00bb0&Prime; sticky_enabled=\u00a0\u00bb0&Prime;][\/et_pb_code][\/et_pb_column][\/et_pb_row][\/et_pb_section]<\/p>\n","protected":false},"excerpt":{"rendered":"<p>Contact N\u2019h\u00e9sitez pas \u00e0 nous contacter pour toute question, requ\u00eate de presse ou demande de concert ! BIERGAARBECHTER MUSEK\u00a0asbl.Num\u00e9ro RCS : F11286 Harmonie des MineursB.P. 363L-4004 ESCH-SUR-ALZETTE E-Mailadresse: info@bame.lu R\u00e9p\u00e9tition R\u00e9p\u00e9tition tous les lundis de 20h \u00e0 21h30 dans la cave de l\u2019Ecole Dellheicht, 1 Rue Dellheicht, L-4240 Esch\/Alzette<\/p>\n","protected":false},"author":1,"featured_media":0,"parent":0,"menu_order":0,"comment_status":"closed","ping_status":"closed","template":"","meta":{"_et_pb_use_builder":"on","_et_pb_old_content":"","_et_gb_content_width":"","footnotes":""},"class_list":["post-226","page","type-page","status-publish","hentry"],"_links":{"self":[{"href":"https:\/\/bame.innovity.lu\/index.php?rest_route=\/wp\/v2\/pages\/226","targetHints":{"allow":["GET"]}}],"collection":[{"href":"https:\/\/bame.innovity.lu\/index.php?rest_route=\/wp\/v2\/pages"}],"about":[{"href":"https:\/\/bame.innovity.lu\/index.php?rest_route=\/wp\/v2\/types\/page"}],"author":[{"embeddable":true,"href":"https:\/\/bame.innovity.lu\/index.php?rest_route=\/wp\/v2\/users\/1"}],"replies":[{"embeddable":true,"href":"https:\/\/bame.innovity.lu\/index.php?rest_route=%2Fwp%2Fv2%2Fcomments&post=226"}],"version-history":[{"count":2,"href":"https:\/\/bame.innovity.lu\/index.php?rest_route=\/wp\/v2\/pages\/226\/revisions"}],"predecessor-version":[{"id":229,"href":"https:\/\/bame.innovity.lu\/index.php?rest_route=\/wp\/v2\/pages\/226\/revisions\/229"}],"wp:attachment":[{"href":"https:\/\/bame.innovity.lu\/index.php?rest_route=%2Fwp%2Fv2%2Fmedia&parent=226"}],"curies":[{"name":"wp","href":"https:\/\/api.w.org\/{rel}","templated":true}]}}